{"id":38304,"date":"2015-01-12T04:37:44","date_gmt":"2015-01-12T09:37:44","guid":{"rendered":"https:\/\/restoresas.org\/servicios-de-agresion-sexual-en-el-centro-y-oeste-de-ny-restore\/"},"modified":"2024-12-02T13:48:30","modified_gmt":"2024-12-02T18:48:30","slug":"servicios-de-agresion-sexual-en-el-centro-y-oeste-de-ny-restore","status":"publish","type":"page","link":"https:\/\/restoresas.org\/es\/","title":{"rendered":"Servicios de Agresi\u00f3n Sexual en el Centro y Oeste de NY | RESTORE"},"content":{"rendered":"<p><div class=\"fusion-fullwidth fullwidth-box fusion-builder-row-1 fusion-flex-container hundred-percent-fullwidth non-hundred-percent-height-scrolling\" style=\"--awb-background-position:left top;--awb-border-sizes-top:0px;--awb-border-sizes-bottom:0px;--awb-border-sizes-left:0px;--awb-border-sizes-right:0px;--awb-border-radius-top-left:0px;--awb-border-radius-top-right:0px;--awb-border-radius-bottom-right:0px;--awb-border-radius-bottom-left:0px;--awb-padding-top:0px;--awb-padding-right:0px;--awb-padding-bottom:0px;--awb-padding-left:0px;--awb-flex-wrap:wrap;\" ><div class=\"fusion-builder-row fusion-row fusion-flex-align-items-flex-start fusion-flex-content-wrap\" style=\"width:calc( 100% + 0px ) !important;max-width:calc( 100% + 0px ) !important;margin-left: calc(-0px \/ 2 );margin-right: calc(-0px \/ 2 );\"><div class=\"fusion-layout-column fusion_builder_column fusion-builder-column-0 fusion_builder_column_1_3 1_3 fusion-flex-column fusion-flex-align-self-stretch\" style=\"--awb-padding-top:259px;--awb-padding-bottom:50px;--awb-padding-top-small:25vh;--awb-bg-color:var(--awb-color2);--awb-bg-color-hover:var(--awb-color2);--awb-bg-position:center center;--awb-bg-size:cover;--awb-width-large:33.333333333333%;--awb-margin-top-large:0px;--awb-spacing-right-large:0px;--awb-margin-bottom-large:0px;--awb-spacing-left-large:0px;--awb-width-medium:50%;--awb-order-medium:0;--awb-spacing-right-medium:0px;--awb-spacing-left-medium:0px;--awb-width-small:100%;--awb-order-small:0;--awb-spacing-right-small:0px;--awb-spacing-left-small:0px;\"><div class=\"fusion-column-wrapper lazyload fusion-column-has-shadow fusion-flex-justify-content-flex-start fusion-content-layout-column fusion-column-has-bg-image\" data-bg-url=\"https:\/\/restoresas.org\/wp-content\/uploads\/2022\/04\/shutterstock_1437974213-1024x683.jpg\" data-bg=\"https:\/\/restoresas.org\/wp-content\/uploads\/2022\/04\/shutterstock_1437974213-1024x683.jpg\"><div style=\"text-align:center;\"><a class=\"fusion-button button-flat fusion-button-default-size button-custom fusion-button-default button-1 fusion-button-span-yes \" style=\"--awb-margin-bottom:20px;--awb-padding-top:50px;--awb-padding-bottom:50px;--button_accent_color:var(--awb-color1);--button_accent_hover_color:rgba(150,150,150,0.48);--button_border_hover_color:rgba(150,150,150,0.48);--button-border-radius-top-left:0;--button-border-radius-top-right:0;--button-border-radius-bottom-right:0;--button-border-radius-bottom-left:0;--button_gradient_top_color:rgba(74,150,164,0.62);--button_gradient_bottom_color:rgba(74,150,164,0.62);--button_gradient_top_color_hover:var(--awb-color7);--button_gradient_bottom_color_hover:var(--awb-color7);--button_text_transform:uppercase;--button_font_size:26px;--button_line_height:0;--button_typography-letter-spacing:0px;--button_typography-font-family:&quot;Bebas Neue&quot;;--button_typography-font-style:normal;--button_typography-font-weight:400;\" target=\"_self\" href=\"https:\/\/restoresas.org\/es\/necesito-ayuda-ya\/\"><span class=\"fusion-button-text awb-button__text awb-button__text--default\">NECESITO AYUDA YA<\/span><\/a><\/div><\/div><\/div><div class=\"fusion-layout-column fusion_builder_column fusion-builder-column-1 fusion_builder_column_1_3 1_3 fusion-flex-column fusion-flex-align-self-stretch\" style=\"--awb-padding-top:260px;--awb-padding-bottom:50px;--awb-padding-top-small:25vh;--awb-bg-position:center center;--awb-bg-size:cover;--awb-width-large:33.333333333333%;--awb-margin-top-large:0px;--awb-spacing-right-large:0px;--awb-margin-bottom-large:0px;--awb-spacing-left-large:0px;--awb-width-medium:50%;--awb-order-medium:0;--awb-spacing-right-medium:0px;--awb-spacing-left-medium:0px;--awb-width-small:100%;--awb-order-small:0;--awb-spacing-right-small:0px;--awb-spacing-left-small:0px;\"><div class=\"fusion-column-wrapper lazyload fusion-column-has-shadow fusion-flex-justify-content-flex-start fusion-content-layout-column fusion-column-has-bg-image\" data-bg-url=\"https:\/\/restoresas.org\/wp-content\/uploads\/2022\/05\/learn-more-1024x394.png\" data-bg=\"https:\/\/restoresas.org\/wp-content\/uploads\/2022\/05\/learn-more-1024x394.png\"><div style=\"text-align:center;\"><a class=\"fusion-button button-flat fusion-button-default-size button-custom fusion-button-default button-2 fusion-button-span-yes \" style=\"--awb-margin-bottom:20px;--awb-padding-top:50px;--awb-padding-bottom:50px;--button_accent_color:var(--awb-color1);--button_accent_hover_color:rgba(150,150,150,0.48);--button_border_hover_color:rgba(150,150,150,0.48);--button-border-radius-top-left:0;--button-border-radius-top-right:0;--button-border-radius-bottom-right:0;--button-border-radius-bottom-left:0;--button_gradient_top_color:rgba(240,98,32,0.83);--button_gradient_bottom_color:rgba(240,98,32,0.83);--button_gradient_top_color_hover:var(--awb-color7);--button_gradient_bottom_color_hover:var(--awb-color7);--button_text_transform:uppercase;--button_font_size:26px;--button_line_height:0;--button_typography-letter-spacing:0px;--button_typography-font-family:&quot;Bebas Neue&quot;;--button_typography-font-style:normal;--button_typography-font-weight:400;\" target=\"_self\" href=\"https:\/\/restoresas.org\/es\/quiero-ayudar-a-un-amigo\/\"><span class=\"fusion-button-text awb-button__text awb-button__text--default\">QUIERO AYUDAR A UN AMIGO<\/span><\/a><\/div><\/div><\/div><div class=\"fusion-layout-column fusion_builder_column fusion-builder-column-2 fusion_builder_column_1_3 1_3 fusion-flex-column fusion-flex-align-self-stretch\" style=\"--awb-padding-top:260px;--awb-padding-bottom:50px;--awb-padding-top-small:25vh;--awb-bg-position:center center;--awb-bg-size:cover;--awb-width-large:33.333333333333%;--awb-margin-top-large:0px;--awb-spacing-right-large:0px;--awb-margin-bottom-large:0px;--awb-spacing-left-large:0px;--awb-width-medium:50%;--awb-order-medium:0;--awb-spacing-right-medium:0px;--awb-spacing-left-medium:0px;--awb-width-small:100%;--awb-order-small:0;--awb-spacing-right-small:0px;--awb-spacing-left-small:0px;\"><div class=\"fusion-column-wrapper lazyload fusion-column-has-shadow fusion-flex-justify-content-flex-start fusion-content-layout-column fusion-column-has-bg-image\" data-bg-url=\"https:\/\/restoresas.org\/wp-content\/uploads\/2022\/04\/home_help.jpg\" data-bg=\"https:\/\/restoresas.org\/wp-content\/uploads\/2022\/04\/home_help.jpg\"><div style=\"text-align:center;\"><a class=\"fusion-button button-flat fusion-button-default-size button-custom fusion-button-default button-3 fusion-button-span-yes \" style=\"--awb-margin-bottom:20px;--awb-padding-top:50px;--awb-padding-bottom:50px;--button_accent_color:var(--awb-color1);--button_accent_hover_color:rgba(150,150,150,0.48);--button_border_hover_color:rgba(150,150,150,0.48);--button-border-radius-top-left:0;--button-border-radius-top-right:0;--button-border-radius-bottom-right:0;--button-border-radius-bottom-left:0;--button_gradient_top_color:rgba(106,71,141,0.74);--button_gradient_bottom_color:rgba(106,71,141,0.74);--button_gradient_top_color_hover:var(--awb-color7);--button_gradient_bottom_color_hover:var(--awb-color7);--button_text_transform:uppercase;--button_font_size:26px;--button_line_height:0;--button_typography-letter-spacing:0px;--button_typography-font-family:&quot;Bebas Neue&quot;;--button_typography-font-style:normal;--button_typography-font-weight:400;\" target=\"_self\" href=\"https:\/\/restoresas.org\/es\/?page_id=38558\"><span class=\"fusion-button-text awb-button__text awb-button__text--default\">violencia dom\u00e9stica<\/span><\/a><\/div><\/div><\/div><\/div><\/div><div class=\"fusion-fullwidth fullwidth-box fusion-builder-row-2 fusion-flex-container hundred-percent-fullwidth non-hundred-percent-height-scrolling\" style=\"--awb-border-radius-top-left:0px;--awb-border-radius-top-right:0px;--awb-border-radius-bottom-right:0px;--awb-border-radius-bottom-left:0px;--awb-padding-right:0px;--awb-padding-bottom:0px;--awb-padding-left:3.9930999999999983px;--awb-background-color:var(--awb-color8);--awb-flex-wrap:wrap;\" ><div class=\"fusion-builder-row fusion-row fusion-flex-align-items-flex-start fusion-flex-content-wrap\" style=\"width:104% !important;max-width:104% !important;margin-left: calc(-4% \/ 2 );margin-right: calc(-4% \/ 2 );\"><div class=\"fusion-layout-column fusion_builder_column fusion-builder-column-3 fusion_builder_column_1_1 1_1 fusion-flex-column fusion-no-small-visibility\" style=\"--awb-bg-size:cover;--awb-width-large:100%;--awb-margin-top-large:0px;--awb-spacing-right-large:0%;--awb-margin-bottom-large:0px;--awb-spacing-left-large:0%;--awb-width-medium:100%;--awb-order-medium:0;--awb-spacing-right-medium:0%;--awb-spacing-left-medium:0%;--awb-width-small:100%;--awb-order-small:0;--awb-spacing-right-small:1.92%;--awb-spacing-left-small:1.92%;\"><div class=\"fusion-column-wrapper fusion-column-has-shadow fusion-flex-justify-content-flex-start fusion-content-layout-column\"><nav class=\"awb-menu awb-menu_row awb-menu_em-hover mobile-mode-collapse-to-button awb-menu_icons-left awb-menu_dc-yes mobile-trigger-fullwidth-off awb-menu_mobile-toggle awb-menu_indent-left mobile-size-full-absolute loading mega-menu-loading awb-menu_desktop awb-menu_dropdown awb-menu_expand-right awb-menu_transition-fade\" style=\"--awb-font-size:26px;--awb-text-transform:uppercase;--awb-justify-content:space-evenly;--awb-color:var(--awb-color1);--awb-active-color:var(--awb-color6);--awb-main-justify-content:flex-start;--awb-mobile-justify:flex-start;--awb-mobile-caret-left:auto;--awb-mobile-caret-right:0;--awb-fusion-font-family-typography:&quot;Bebas Neue&quot;;--awb-fusion-font-style-typography:normal;--awb-fusion-font-weight-typography:400;--awb-fusion-font-family-submenu-typography:inherit;--awb-fusion-font-style-submenu-typography:normal;--awb-fusion-font-weight-submenu-typography:400;--awb-fusion-font-family-mobile-typography:inherit;--awb-fusion-font-style-mobile-typography:normal;--awb-fusion-font-weight-mobile-typography:400;\" aria-label=\"Black Bar Menu Home\" data-breakpoint=\"0\" data-count=\"0\" data-transition-type=\"fade\" data-transition-time=\"300\" data-expand=\"right\"><ul id=\"menu-black-bar-menu-home-spanish\" class=\"fusion-menu awb-menu__main-ul awb-menu__main-ul_row\"><li  id=\"menu-item-38391\"  class=\"menu-item menu-item-type-post_type menu-item-object-page menu-item-38391 awb-menu__li awb-menu__main-li awb-menu__main-li_regular\"  data-item-id=\"38391\"><span class=\"awb-menu__main-background-default awb-menu__main-background-default_fade\"><\/span><span class=\"awb-menu__main-background-active awb-menu__main-background-active_fade\"><\/span><a  href=\"https:\/\/restoresas.org\/es\/quiero-saber-mas\/\" class=\"awb-menu__main-a awb-menu__main-a_regular\"><span class=\"menu-text\">Quiero saber m\u00e1s<\/span><\/a><\/li><li  id=\"menu-item-38392\"  class=\"menu-item menu-item-type-post_type menu-item-object-page menu-item-38392 awb-menu__li awb-menu__main-li awb-menu__main-li_regular\"  data-item-id=\"38392\"><span class=\"awb-menu__main-background-default awb-menu__main-background-default_fade\"><\/span><span class=\"awb-menu__main-background-active awb-menu__main-background-active_fade\"><\/span><a  href=\"https:\/\/restoresas.org\/es\/quiero-participar\/\" class=\"awb-menu__main-a awb-menu__main-a_regular\"><span class=\"menu-text\">Quiero participar<\/span><\/a><\/li><li  id=\"menu-item-39705\"  class=\"menu-item menu-item-type-post_type menu-item-object-page menu-item-39705 awb-menu__li awb-menu__main-li awb-menu__main-li_regular\"  data-item-id=\"39705\"><span class=\"awb-menu__main-background-default awb-menu__main-background-default_fade\"><\/span><span class=\"awb-menu__main-background-active awb-menu__main-background-active_fade\"><\/span><a  href=\"https:\/\/restoresas.org\/es\/recursos\/\" class=\"awb-menu__main-a awb-menu__main-a_regular\"><span class=\"menu-text\">Recursos<\/span><\/a><\/li><li  id=\"menu-item-38394\"  class=\"menu-item menu-item-type-post_type menu-item-object-page menu-item-38394 awb-menu__li awb-menu__main-li awb-menu__main-li_regular\"  data-item-id=\"38394\"><span class=\"awb-menu__main-background-default awb-menu__main-background-default_fade\"><\/span><span class=\"awb-menu__main-background-active awb-menu__main-background-active_fade\"><\/span><a  href=\"https:\/\/restoresas.org\/es\/contacta-con-restore\/\" class=\"awb-menu__main-a awb-menu__main-a_regular\"><span class=\"menu-text\">Contacta con Restore<\/span><\/a><\/li><\/ul><\/nav><\/div><\/div><\/div><\/div><\/p>\n","protected":false},"excerpt":{"rendered":"","protected":false},"author":1,"featured_media":0,"parent":0,"menu_order":0,"comment_status":"closed","ping_status":"closed","template":"100-width.php","meta":{"footnotes":""},"class_list":["post-38304","page","type-page","status-publish","hentry"],"yoast_head":"<!-- This site is optimized with the Yoast SEO plugin v27.4 - https:\/\/yoast.com\/product\/yoast-seo-wordpress\/ -->\n<title>Servicios de Agresi\u00f3n Sexual en el Centro y Oeste de NY | RESTORE<\/title>\n<meta name=\"description\" content=\"RESTORE ofrece servicios de asistencia a v\u00edctimas de agresiones sexuales en el centro y oeste de Nueva York. El apoyo est\u00e1 disponible a trav\u00e9s de una l\u00ednea directa de 24 horas.\" \/>\n<meta name=\"robots\" content=\"noindex, follow, max-snippet:-1, max-image-preview:large, max-video-preview:-1\" \/>\n<meta property=\"og:locale\" content=\"es_ES\" \/>\n<meta property=\"og:type\" content=\"article\" \/>\n<meta property=\"og:title\" content=\"Servicios de Agresi\u00f3n Sexual en el Centro y Oeste de NY | RESTORE\" \/>\n<meta property=\"og:description\" content=\"RESTORE ofrece servicios de asistencia a v\u00edctimas de agresiones sexuales en el centro y oeste de Nueva York. El apoyo est\u00e1 disponible a trav\u00e9s de una l\u00ednea directa de 24 horas.\" \/>\n<meta property=\"og:url\" content=\"https:\/\/restoresas.org\/es\/\" \/>\n<meta property=\"og:site_name\" content=\"Sexual Assault Services in Central &amp; Western NY | RESTORE\" \/>\n<meta property=\"article:publisher\" content=\"https:\/\/www.facebook.com\/RestoreSAS\" \/>\n<meta property=\"article:modified_time\" content=\"2024-12-02T18:48:30+00:00\" \/>\n<meta name=\"twitter:card\" content=\"summary_large_image\" \/>\n<meta name=\"twitter:site\" content=\"@restoreSAS\" \/>\n<meta name=\"twitter:label1\" content=\"Tiempo de lectura\" \/>\n\t<meta name=\"twitter:data1\" content=\"1 minuto\" \/>\n<script type=\"application\/ld+json\" class=\"yoast-schema-graph\">{\"@context\":\"https:\\\/\\\/schema.org\",\"@graph\":[{\"@type\":\"WebPage\",\"@id\":\"https:\\\/\\\/restoresas.org\\\/es\\\/\",\"url\":\"https:\\\/\\\/restoresas.org\\\/es\\\/\",\"name\":\"Servicios de Agresi\u00f3n Sexual en el Centro y Oeste de NY | RESTORE\",\"isPartOf\":{\"@id\":\"https:\\\/\\\/r4s.a3e.myftpupload.com\\\/#website\"},\"datePublished\":\"2015-01-12T09:37:44+00:00\",\"dateModified\":\"2024-12-02T18:48:30+00:00\",\"description\":\"RESTORE ofrece servicios de asistencia a v\u00edctimas de agresiones sexuales en el centro y oeste de Nueva York. El apoyo est\u00e1 disponible a trav\u00e9s de una l\u00ednea directa de 24 horas.\",\"breadcrumb\":{\"@id\":\"https:\\\/\\\/restoresas.org\\\/es\\\/#breadcrumb\"},\"inLanguage\":\"es\",\"potentialAction\":[{\"@type\":\"ReadAction\",\"target\":[\"https:\\\/\\\/restoresas.org\\\/es\\\/\"]}]},{\"@type\":\"BreadcrumbList\",\"@id\":\"https:\\\/\\\/restoresas.org\\\/es\\\/#breadcrumb\",\"itemListElement\":[{\"@type\":\"ListItem\",\"position\":1,\"name\":\"Home\",\"item\":\"https:\\\/\\\/restoresas.org\\\/es\\\/servicios-de-agresion-sexual-en-el-centro-y-oeste-de-ny-restore\\\/\"},{\"@type\":\"ListItem\",\"position\":2,\"name\":\"Servicios de Agresi\u00f3n Sexual en el Centro y Oeste de NY | RESTORE\"}]},{\"@type\":\"WebSite\",\"@id\":\"https:\\\/\\\/r4s.a3e.myftpupload.com\\\/#website\",\"url\":\"https:\\\/\\\/r4s.a3e.myftpupload.com\\\/\",\"name\":\"Sexual Assault Services in Central &amp; Western NY | RESTORE\",\"description\":\"Where Healing Begins\",\"publisher\":{\"@id\":\"https:\\\/\\\/r4s.a3e.myftpupload.com\\\/#organization\"},\"potentialAction\":[{\"@type\":\"SearchAction\",\"target\":{\"@type\":\"EntryPoint\",\"urlTemplate\":\"https:\\\/\\\/r4s.a3e.myftpupload.com\\\/?s={search_term_string}\"},\"query-input\":{\"@type\":\"PropertyValueSpecification\",\"valueRequired\":true,\"valueName\":\"search_term_string\"}}],\"inLanguage\":\"es\"},{\"@type\":\"Organization\",\"@id\":\"https:\\\/\\\/r4s.a3e.myftpupload.com\\\/#organization\",\"name\":\"Sexual Assault Services in Central &amp; Western NY | RESTORE\",\"url\":\"https:\\\/\\\/r4s.a3e.myftpupload.com\\\/\",\"logo\":{\"@type\":\"ImageObject\",\"inLanguage\":\"es\",\"@id\":\"https:\\\/\\\/r4s.a3e.myftpupload.com\\\/#\\\/schema\\\/logo\\\/image\\\/\",\"url\":\"https:\\\/\\\/restoresas.org\\\/wp-content\\\/uploads\\\/2016\\\/12\\\/cropped-restore_logo.png\",\"contentUrl\":\"https:\\\/\\\/restoresas.org\\\/wp-content\\\/uploads\\\/2016\\\/12\\\/cropped-restore_logo.png\",\"width\":569,\"height\":111,\"caption\":\"Sexual Assault Services in Central &amp; Western NY | RESTORE\"},\"image\":{\"@id\":\"https:\\\/\\\/r4s.a3e.myftpupload.com\\\/#\\\/schema\\\/logo\\\/image\\\/\"},\"sameAs\":[\"https:\\\/\\\/www.facebook.com\\\/RestoreSAS\",\"https:\\\/\\\/x.com\\\/restoreSAS\"]}]}<\/script>\n<!-- \/ Yoast SEO plugin. -->","yoast_head_json":{"title":"Servicios de Agresi\u00f3n Sexual en el Centro y Oeste de NY | RESTORE","description":"RESTORE ofrece servicios de asistencia a v\u00edctimas de agresiones sexuales en el centro y oeste de Nueva York. El apoyo est\u00e1 disponible a trav\u00e9s de una l\u00ednea directa de 24 horas.","robots":{"index":"noindex","follow":"follow","max-snippet":"max-snippet:-1","max-image-preview":"max-image-preview:large","max-video-preview":"max-video-preview:-1"},"og_locale":"es_ES","og_type":"article","og_title":"Servicios de Agresi\u00f3n Sexual en el Centro y Oeste de NY | RESTORE","og_description":"RESTORE ofrece servicios de asistencia a v\u00edctimas de agresiones sexuales en el centro y oeste de Nueva York. El apoyo est\u00e1 disponible a trav\u00e9s de una l\u00ednea directa de 24 horas.","og_url":"https:\/\/restoresas.org\/es\/","og_site_name":"Sexual Assault Services in Central &amp; Western NY | RESTORE","article_publisher":"https:\/\/www.facebook.com\/RestoreSAS","article_modified_time":"2024-12-02T18:48:30+00:00","twitter_card":"summary_large_image","twitter_site":"@restoreSAS","twitter_misc":{"Tiempo de lectura":"1 minuto"},"schema":{"@context":"https:\/\/schema.org","@graph":[{"@type":"WebPage","@id":"https:\/\/restoresas.org\/es\/","url":"https:\/\/restoresas.org\/es\/","name":"Servicios de Agresi\u00f3n Sexual en el Centro y Oeste de NY | RESTORE","isPartOf":{"@id":"https:\/\/r4s.a3e.myftpupload.com\/#website"},"datePublished":"2015-01-12T09:37:44+00:00","dateModified":"2024-12-02T18:48:30+00:00","description":"RESTORE ofrece servicios de asistencia a v\u00edctimas de agresiones sexuales en el centro y oeste de Nueva York. El apoyo est\u00e1 disponible a trav\u00e9s de una l\u00ednea directa de 24 horas.","breadcrumb":{"@id":"https:\/\/restoresas.org\/es\/#breadcrumb"},"inLanguage":"es","potentialAction":[{"@type":"ReadAction","target":["https:\/\/restoresas.org\/es\/"]}]},{"@type":"BreadcrumbList","@id":"https:\/\/restoresas.org\/es\/#breadcrumb","itemListElement":[{"@type":"ListItem","position":1,"name":"Home","item":"https:\/\/restoresas.org\/es\/servicios-de-agresion-sexual-en-el-centro-y-oeste-de-ny-restore\/"},{"@type":"ListItem","position":2,"name":"Servicios de Agresi\u00f3n Sexual en el Centro y Oeste de NY | RESTORE"}]},{"@type":"WebSite","@id":"https:\/\/r4s.a3e.myftpupload.com\/#website","url":"https:\/\/r4s.a3e.myftpupload.com\/","name":"Sexual Assault Services in Central &amp; Western NY | RESTORE","description":"Where Healing Begins","publisher":{"@id":"https:\/\/r4s.a3e.myftpupload.com\/#organization"},"potentialAction":[{"@type":"SearchAction","target":{"@type":"EntryPoint","urlTemplate":"https:\/\/r4s.a3e.myftpupload.com\/?s={search_term_string}"},"query-input":{"@type":"PropertyValueSpecification","valueRequired":true,"valueName":"search_term_string"}}],"inLanguage":"es"},{"@type":"Organization","@id":"https:\/\/r4s.a3e.myftpupload.com\/#organization","name":"Sexual Assault Services in Central &amp; Western NY | RESTORE","url":"https:\/\/r4s.a3e.myftpupload.com\/","logo":{"@type":"ImageObject","inLanguage":"es","@id":"https:\/\/r4s.a3e.myftpupload.com\/#\/schema\/logo\/image\/","url":"https:\/\/restoresas.org\/wp-content\/uploads\/2016\/12\/cropped-restore_logo.png","contentUrl":"https:\/\/restoresas.org\/wp-content\/uploads\/2016\/12\/cropped-restore_logo.png","width":569,"height":111,"caption":"Sexual Assault Services in Central &amp; Western NY | RESTORE"},"image":{"@id":"https:\/\/r4s.a3e.myftpupload.com\/#\/schema\/logo\/image\/"},"sameAs":["https:\/\/www.facebook.com\/RestoreSAS","https:\/\/x.com\/restoreSAS"]}]}},"_links":{"self":[{"href":"https:\/\/restoresas.org\/es\/wp-json\/wp\/v2\/pages\/38304","targetHints":{"allow":["GET"]}}],"collection":[{"href":"https:\/\/restoresas.org\/es\/wp-json\/wp\/v2\/pages"}],"about":[{"href":"https:\/\/restoresas.org\/es\/wp-json\/wp\/v2\/types\/page"}],"author":[{"embeddable":true,"href":"https:\/\/restoresas.org\/es\/wp-json\/wp\/v2\/users\/1"}],"replies":[{"embeddable":true,"href":"https:\/\/restoresas.org\/es\/wp-json\/wp\/v2\/comments?post=38304"}],"version-history":[{"count":11,"href":"https:\/\/restoresas.org\/es\/wp-json\/wp\/v2\/pages\/38304\/revisions"}],"predecessor-version":[{"id":38802,"href":"https:\/\/restoresas.org\/es\/wp-json\/wp\/v2\/pages\/38304\/revisions\/38802"}],"wp:attachment":[{"href":"https:\/\/restoresas.org\/es\/wp-json\/wp\/v2\/media?parent=38304"}],"curies":[{"name":"wp","href":"https:\/\/api.w.org\/{rel}","templated":true}]}}